{"id":99,"date":"2016-02-05T19:09:42","date_gmt":"2016-02-05T19:09:42","guid":{"rendered":"http:\/\/aappu.com.br\/site\/?page_id=99"},"modified":"2023-03-16T01:53:10","modified_gmt":"2023-03-16T01:53:10","slug":"nosso-coral","status":"publish","type":"page","link":"https:\/\/aappu.com.br\/site\/nosso-coral\/","title":{"rendered":"Nosso Coral"},"content":{"rendered":"<p style=\"text-align: justify;\">O Coral USICANTO, da Associa\u00e7\u00e3o dos Aposentados da Usiminas, de Belo Horizonte, foi fundado em junho de 1999, idealizado pelo presidente da AAPPU, na \u00e9poca, Roberto de Freitas Ramos. Foi convidada a associada Expedita Vieira Rocha para organizar e ensaiar o coral, tendo em vista sua experi\u00eancia no mundo musical, participando, inclusive do Coral Madrigal Renascentista. O coral, que \u00e9 formado por aposentados e pessoas que t\u00eam liga\u00e7\u00f5es com a Usiminas, tem se apresentado, em casamentos, asilos, hospitais na capital e em v\u00e1rias cidades do interior de Minas.<\/p>\n<h2 style=\"text-align: center;\"><em><span style=\"color: #003366;\">Eventos<\/span><\/em><\/h2>\n<h4 style=\"text-align: center;\"><img decoding=\"async\" loading=\"lazy\" class=\"alignnone wp-image-7400 size-full\" src=\"http:\/\/aappu.com.br\/site\/wp-content\/uploads\/2016\/02\/coral.jpg\" alt=\"\" width=\"445\" height=\"466\" srcset=\"https:\/\/aappu.com.br\/site\/wp-content\/uploads\/2016\/02\/coral.jpg 445w, https:\/\/aappu.com.br\/site\/wp-content\/uploads\/2016\/02\/coral-286x300.jpg 286w\" sizes=\"(max-width: 445px) 100vw, 445px\" \/><\/h4>\n<h4 style=\"text-align: center;\"><span style=\"color: #003366;\"><a style=\"color: #003366;\" href=\"http:\/\/aappu.com.br\/site\/apresentacao-coral-2016\">Apresenta\u00e7\u00e3o 2016<\/a><\/span><\/h4>\n<h3 style=\"text-align: center;\"><img decoding=\"async\" loading=\"lazy\" class=\"alignnone wp-image-7409 size-full\" src=\"http:\/\/aappu.com.br\/site\/wp-content\/uploads\/2016\/02\/coral-5.jpg\" alt=\"\" width=\"334\" height=\"334\" srcset=\"https:\/\/aappu.com.br\/site\/wp-content\/uploads\/2016\/02\/coral-5.jpg 334w, https:\/\/aappu.com.br\/site\/wp-content\/uploads\/2016\/02\/coral-5-150x150.jpg 150w, https:\/\/aappu.com.br\/site\/wp-content\/uploads\/2016\/02\/coral-5-300x300.jpg 300w\" sizes=\"(max-width: 334px) 100vw, 334px\" \/><\/h3>\n<h4 style=\"text-align: center;\"><span style=\"color: #003366;\"><a href=\"http:\/\/aappu.com.br\/site\/apresentacao-coral-2012\">Apresenta\u00e7\u00e3o 2012<\/a><\/span><\/h4>\n<h4 style=\"text-align: center;\"><img decoding=\"async\" loading=\"lazy\" class=\"alignnone wp-image-7402 size-full\" src=\"http:\/\/aappu.com.br\/site\/wp-content\/uploads\/2016\/02\/coral-1.jpg\" alt=\"\" width=\"433\" height=\"434\" srcset=\"https:\/\/aappu.com.br\/site\/wp-content\/uploads\/2016\/02\/coral-1.jpg 433w, https:\/\/aappu.com.br\/site\/wp-content\/uploads\/2016\/02\/coral-1-150x150.jpg 150w, https:\/\/aappu.com.br\/site\/wp-content\/uploads\/2016\/02\/coral-1-300x300.jpg 300w\" sizes=\"(max-width: 433px) 100vw, 433px\" \/><\/h4>\n<h4 style=\"text-align: center;\"><span style=\"color: #003366;\"><a style=\"color: #003366;\" href=\"http:\/\/aappu.com.br\/site\/apresentacao-coral-2014\">Apresenta\u00e7\u00e3o 2014<\/a><\/span><\/h4>\n<p><img decoding=\"async\" loading=\"lazy\" class=\"wp-image-7404 size-full aligncenter\" src=\"http:\/\/aappu.com.br\/site\/wp-content\/uploads\/2016\/02\/coral-2.jpg\" alt=\"\" width=\"443\" height=\"442\" srcset=\"https:\/\/aappu.com.br\/site\/wp-content\/uploads\/2016\/02\/coral-2.jpg 443w, https:\/\/aappu.com.br\/site\/wp-content\/uploads\/2016\/02\/coral-2-150x150.jpg 150w, https:\/\/aappu.com.br\/site\/wp-content\/uploads\/2016\/02\/coral-2-300x300.jpg 300w\" sizes=\"(max-width: 443px) 100vw, 443px\" \/><\/p>\n<h5 style=\"text-align: center;\"><span style=\"color: #003366;\"><a style=\"color: #003366;\" href=\"http:\/\/aappu.com.br\/site\/7o-encontro-corais-3a-idade-em-pocos-de-caldas-agosto-de-2013\">7\u00ba Encontro Corais 3\u00aa Idade &#8211; Po\u00e7os de Caldas 2013<\/a><\/span><\/h5>\n<h4 style=\"text-align: center;\"><img decoding=\"async\" loading=\"lazy\" class=\"alignnone wp-image-7407 size-full\" src=\"http:\/\/aappu.com.br\/site\/wp-content\/uploads\/2016\/02\/coral-4.jpg\" alt=\"\" width=\"450\" height=\"450\" srcset=\"https:\/\/aappu.com.br\/site\/wp-content\/uploads\/2016\/02\/coral-4.jpg 450w, https:\/\/aappu.com.br\/site\/wp-content\/uploads\/2016\/02\/coral-4-150x150.jpg 150w, https:\/\/aappu.com.br\/site\/wp-content\/uploads\/2016\/02\/coral-4-300x300.jpg 300w\" sizes=\"(max-width: 450px) 100vw, 450px\" \/><\/h4>\n<h4 style=\"text-align: center;\"><span style=\"color: #003366;\"><a style=\"color: #003366;\" href=\"http:\/\/aappu.com.br\/site\/apresentacao-coral-2013\">Apresenta\u00e7\u00e3o 2013<\/a><\/span><\/h4>\n","protected":false},"excerpt":{"rendered":"<p>O Coral USICANTO, da Associa\u00e7\u00e3o dos Aposentados da Usiminas, de Belo Horizonte, foi fundado em junho de 1999, idealizado pelo presidente da AAPPU, na \u00e9poca, Roberto de Freitas Ramos. Foi convidada a associada Expedita Vieira Rocha para organizar e ensaiar o coral, tendo em vista sua experi\u00eancia no mundo musical, participando, inclusive do Coral Madrigal [&hellip;]<\/p>\n","protected":false},"author":1,"featured_media":0,"parent":0,"menu_order":0,"comment_status":"closed","ping_status":"closed","template":"","meta":[],"_links":{"self":[{"href":"https:\/\/aappu.com.br\/site\/wp-json\/wp\/v2\/pages\/99"}],"collection":[{"href":"https:\/\/aappu.com.br\/site\/wp-json\/wp\/v2\/pages"}],"about":[{"href":"https:\/\/aappu.com.br\/site\/wp-json\/wp\/v2\/types\/page"}],"author":[{"embeddable":true,"href":"https:\/\/aappu.com.br\/site\/wp-json\/wp\/v2\/users\/1"}],"replies":[{"embeddable":true,"href":"https:\/\/aappu.com.br\/site\/wp-json\/wp\/v2\/comments?post=99"}],"version-history":[{"count":32,"href":"https:\/\/aappu.com.br\/site\/wp-json\/wp\/v2\/pages\/99\/revisions"}],"predecessor-version":[{"id":12260,"href":"https:\/\/aappu.com.br\/site\/wp-json\/wp\/v2\/pages\/99\/revisions\/12260"}],"wp:attachment":[{"href":"https:\/\/aappu.com.br\/site\/wp-json\/wp\/v2\/media?parent=99"}],"curies":[{"name":"wp","href":"https:\/\/api.w.org\/{rel}","templated":true}]}}