{"id":7445,"date":"2017-02-21T19:31:46","date_gmt":"2017-02-21T19:31:46","guid":{"rendered":"http:\/\/aappu.com.br\/site\/?page_id=7445"},"modified":"2023-03-16T02:03:12","modified_gmt":"2023-03-16T02:03:12","slug":"presidentes-aappu","status":"publish","type":"page","link":"https:\/\/aappu.com.br\/site\/presidentes-aappu\/","title":{"rendered":"Presidentes AAPPU"},"content":{"rendered":"\n<figure class=\"is-layout-flex wp-block-gallery-1 wp-block-gallery has-nested-images columns-default is-cropped\">\n<figure class=\"wp-block-image size-large\"><img decoding=\"async\" loading=\"lazy\" width=\"800\" height=\"1000\" data-id=\"7446\"  src=\"http:\/\/aappu.com.br\/site\/wp-content\/uploads\/2017\/02\/Anto\u0302nio-Pedrosa-da-Silva.jpg\" alt=\"\" class=\"wp-image-7446\" srcset=\"https:\/\/aappu.com.br\/site\/wp-content\/uploads\/2017\/02\/Anto\u0302nio-Pedrosa-da-Silva.jpg 800w, https:\/\/aappu.com.br\/site\/wp-content\/uploads\/2017\/02\/Anto\u0302nio-Pedrosa-da-Silva-240x300.jpg 240w, https:\/\/aappu.com.br\/site\/wp-content\/uploads\/2017\/02\/Anto\u0302nio-Pedrosa-da-Silva-768x960.jpg 768w\" sizes=\"(max-width: 800px) 100vw, 800px\" \/><figcaption class=\"wp-element-caption\"><strong>Ant\u00f4nio Pedrosa da Silva<\/strong><br>Primeiro Presidente da Associa\u00e7\u00e3o, em 1986, permanecendo por 12 anos, at\u00e9 1998.<\/figcaption><\/figure>\n\n\n\n<figure class=\"wp-block-image size-large\"><img decoding=\"async\" loading=\"lazy\" width=\"800\" height=\"1000\" data-id=\"7449\"  src=\"http:\/\/aappu.com.br\/site\/wp-content\/uploads\/2017\/02\/Roberto-de-Freitas-Ramos.jpg\" alt=\"\" class=\"wp-image-7449\" srcset=\"https:\/\/aappu.com.br\/site\/wp-content\/uploads\/2017\/02\/Roberto-de-Freitas-Ramos.jpg 800w, https:\/\/aappu.com.br\/site\/wp-content\/uploads\/2017\/02\/Roberto-de-Freitas-Ramos-240x300.jpg 240w, https:\/\/aappu.com.br\/site\/wp-content\/uploads\/2017\/02\/Roberto-de-Freitas-Ramos-768x960.jpg 768w\" sizes=\"(max-width: 800px) 100vw, 800px\" \/><figcaption class=\"wp-element-caption\"><strong>Roberto de Freitas Ramos<\/strong><br>Presidente da Associa\u00e7\u00e3o de 1998 a 2001.<\/figcaption><\/figure>\n\n\n\n<figure class=\"wp-block-image size-large\"><img decoding=\"async\" loading=\"lazy\" width=\"800\" height=\"1000\" data-id=\"7452\"  src=\"http:\/\/aappu.com.br\/site\/wp-content\/uploads\/2017\/02\/Nilo-A\u0301lvaro-Miranda.jpg\" alt=\"\" class=\"wp-image-7452\" srcset=\"https:\/\/aappu.com.br\/site\/wp-content\/uploads\/2017\/02\/Nilo-A\u0301lvaro-Miranda.jpg 800w, https:\/\/aappu.com.br\/site\/wp-content\/uploads\/2017\/02\/Nilo-A\u0301lvaro-Miranda-240x300.jpg 240w, https:\/\/aappu.com.br\/site\/wp-content\/uploads\/2017\/02\/Nilo-A\u0301lvaro-Miranda-768x960.jpg 768w\" sizes=\"(max-width: 800px) 100vw, 800px\" \/><figcaption class=\"wp-element-caption\"><strong><strong>Nilo \u00c1lvaro Miranda<\/strong><br><\/strong>Presidente da Associa\u00e7\u00e3o de 2001 a 2004.<\/figcaption><\/figure>\n\n\n\n<figure class=\"wp-block-image size-large\"><img decoding=\"async\" loading=\"lazy\" width=\"800\" height=\"1000\" data-id=\"7454\"  src=\"http:\/\/aappu.com.br\/site\/wp-content\/uploads\/2017\/02\/Ruy-de-Carvalho-Pereira.jpg\" alt=\"\" class=\"wp-image-7454\" srcset=\"https:\/\/aappu.com.br\/site\/wp-content\/uploads\/2017\/02\/Ruy-de-Carvalho-Pereira.jpg 800w, https:\/\/aappu.com.br\/site\/wp-content\/uploads\/2017\/02\/Ruy-de-Carvalho-Pereira-240x300.jpg 240w, https:\/\/aappu.com.br\/site\/wp-content\/uploads\/2017\/02\/Ruy-de-Carvalho-Pereira-768x960.jpg 768w\" sizes=\"(max-width: 800px) 100vw, 800px\" \/><figcaption class=\"wp-element-caption\"><strong>Ruy de Carvalho Pereira<\/strong><br>Presidente da Associa\u00e7\u00e3o de 2004 a 2007.<\/figcaption><\/figure>\n\n\n\n<figure class=\"wp-block-image size-large\"><img decoding=\"async\" loading=\"lazy\" width=\"800\" height=\"1000\" data-id=\"7455\"  src=\"http:\/\/aappu.com.br\/site\/wp-content\/uploads\/2017\/02\/Fernando-Rocha.jpg\" alt=\"\" class=\"wp-image-7455\" srcset=\"https:\/\/aappu.com.br\/site\/wp-content\/uploads\/2017\/02\/Fernando-Rocha.jpg 800w, https:\/\/aappu.com.br\/site\/wp-content\/uploads\/2017\/02\/Fernando-Rocha-240x300.jpg 240w, https:\/\/aappu.com.br\/site\/wp-content\/uploads\/2017\/02\/Fernando-Rocha-768x960.jpg 768w\" sizes=\"(max-width: 800px) 100vw, 800px\" \/><figcaption class=\"wp-element-caption\"><strong>Fernando Rocha<\/strong><br>Presidente da Associa\u00e7\u00e3o de 2007 a 2010.<\/figcaption><\/figure>\n\n\n\n<figure class=\"wp-block-image size-large\"><img decoding=\"async\" loading=\"lazy\" width=\"800\" height=\"1000\" data-id=\"7456\"  src=\"http:\/\/aappu.com.br\/site\/wp-content\/uploads\/2017\/02\/Maria-Ignez-Gerken-de-Sousa.png\" alt=\"\" class=\"wp-image-7456\" srcset=\"https:\/\/aappu.com.br\/site\/wp-content\/uploads\/2017\/02\/Maria-Ignez-Gerken-de-Sousa.png 800w, https:\/\/aappu.com.br\/site\/wp-content\/uploads\/2017\/02\/Maria-Ignez-Gerken-de-Sousa-240x300.png 240w, https:\/\/aappu.com.br\/site\/wp-content\/uploads\/2017\/02\/Maria-Ignez-Gerken-de-Sousa-768x960.png 768w\" sizes=\"(max-width: 800px) 100vw, 800px\" \/><figcaption class=\"wp-element-caption\"><strong>Maria Ignez Gerken de Sousa<br><\/strong>Presidente da AAPPU desde 2010, com mandato at\u00e9 2025.<\/figcaption><\/figure>\n<\/figure>\n","protected":false},"excerpt":{"rendered":"","protected":false},"author":1,"featured_media":0,"parent":0,"menu_order":0,"comment_status":"closed","ping_status":"closed","template":"","meta":[],"_links":{"self":[{"href":"https:\/\/aappu.com.br\/site\/wp-json\/wp\/v2\/pages\/7445"}],"collection":[{"href":"https:\/\/aappu.com.br\/site\/wp-json\/wp\/v2\/pages"}],"about":[{"href":"https:\/\/aappu.com.br\/site\/wp-json\/wp\/v2\/types\/page"}],"author":[{"embeddable":true,"href":"https:\/\/aappu.com.br\/site\/wp-json\/wp\/v2\/users\/1"}],"replies":[{"embeddable":true,"href":"https:\/\/aappu.com.br\/site\/wp-json\/wp\/v2\/comments?post=7445"}],"version-history":[{"count":9,"href":"https:\/\/aappu.com.br\/site\/wp-json\/wp\/v2\/pages\/7445\/revisions"}],"predecessor-version":[{"id":12278,"href":"https:\/\/aappu.com.br\/site\/wp-json\/wp\/v2\/pages\/7445\/revisions\/12278"}],"wp:attachment":[{"href":"https:\/\/aappu.com.br\/site\/wp-json\/wp\/v2\/media?parent=7445"}],"curies":[{"name":"wp","href":"https:\/\/api.w.org\/{rel}","templated":true}]}}