{"id":142,"date":"2016-02-12T19:33:36","date_gmt":"2016-02-12T19:33:36","guid":{"rendered":"http:\/\/aappu.com.br\/site\/?page_id=142"},"modified":"2023-03-16T22:04:11","modified_gmt":"2023-03-16T22:04:11","slug":"links","status":"publish","type":"page","link":"https:\/\/aappu.com.br\/site\/links\/","title":{"rendered":"Links"},"content":{"rendered":"<h1><span style=\"color: #003366;\">Links AAPPU<\/span><\/h1>\n<p>Divulgamos aqui &#8220;links&#8221; para alguns &#8220;sites&#8221; que julgamos interessantes para os nossos associados e tamb\u00e9m para todos os nossos visitantes.<\/p>\n<p>Estamos esperando que voc\u00ea nos envie sugest\u00f5es para esta p\u00e1gina.<\/p>\n<p>Teremos o m\u00e1ximo prazer em divulgar aqui o endere\u00e7o de sua Home Page e tamb\u00e9m o seu endere\u00e7o eletr\u00f4nico (e-mail) para incrementar o contato eletr\u00f4nico entre os nossos s\u00f3cios e colegas.<\/p>\n<p><a href=\"http:\/\/www.previdenciausiminas.com\/\" target=\"_blank\" rel=\"noopener\"><img decoding=\"async\" loading=\"lazy\" class=\"aligncenter size-full wp-image-150\" src=\"http:\/\/aappu.com.br\/site\/wp-content\/uploads\/2016\/02\/usiminasPrevidencia_s1.jpg\" alt=\"usiminasPrevidencia_s1\" width=\"300\" height=\"106\" \/><\/a><\/p>\n<p><a href=\"http:\/\/www.previdencia.gov.br\/\" target=\"_blank\" rel=\"noopener\"><img decoding=\"async\" loading=\"lazy\" class=\"aligncenter size-full wp-image-154\" src=\"http:\/\/aappu.com.br\/site\/wp-content\/uploads\/2016\/02\/previdenciaSocial_s1.jpg\" alt=\"previdenciaSocial_s1\" width=\"301\" height=\"104\" srcset=\"https:\/\/aappu.com.br\/site\/wp-content\/uploads\/2016\/02\/previdenciaSocial_s1.jpg 301w, https:\/\/aappu.com.br\/site\/wp-content\/uploads\/2016\/02\/previdenciaSocial_s1-300x104.jpg 300w\" sizes=\"(max-width: 301px) 100vw, 301px\" \/><\/a><\/p>\n<p><a href=\"https:\/\/www.detran.mg.gov.br\" target=\"_blank\" rel=\"noopener\"><img decoding=\"async\" loading=\"lazy\" class=\"aligncenter size-full wp-image-1393\" src=\"http:\/\/aappu.com.br\/site\/wp-content\/uploads\/2016\/02\/detranMG_s1.jpg\" alt=\"detranMG_s1\" width=\"304\" height=\"110\" srcset=\"https:\/\/aappu.com.br\/site\/wp-content\/uploads\/2016\/02\/detranMG_s1.jpg 304w, https:\/\/aappu.com.br\/site\/wp-content\/uploads\/2016\/02\/detranMG_s1-300x109.jpg 300w\" sizes=\"(max-width: 304px) 100vw, 304px\" \/><\/a><\/p>\n<p><a href=\"http:\/\/www.usiminasmecanica.com.br\/\" target=\"_blank\" rel=\"noopener\"><img decoding=\"async\" loading=\"lazy\" class=\"aligncenter size-full wp-image-151\" src=\"http:\/\/aappu.com.br\/site\/wp-content\/uploads\/2016\/02\/usiminasMecanica_s1.jpg\" alt=\"usiminasMecanica_s1\" width=\"300\" height=\"106\" \/><\/a><\/p>\n<p><a href=\"http:\/\/idg.receita.fazenda.gov.br\" target=\"_blank\" rel=\"noopener\"><img decoding=\"async\" loading=\"lazy\" class=\"aligncenter size-full wp-image-1382\" src=\"http:\/\/aappu.com.br\/site\/wp-content\/uploads\/2016\/02\/rceitaFederal_s1.jpg\" alt=\"rceitaFederal_s1\" width=\"304\" height=\"110\" srcset=\"https:\/\/aappu.com.br\/site\/wp-content\/uploads\/2016\/02\/rceitaFederal_s1.jpg 304w, https:\/\/aappu.com.br\/site\/wp-content\/uploads\/2016\/02\/rceitaFederal_s1-300x109.jpg 300w\" sizes=\"(max-width: 304px) 100vw, 304px\" \/><\/a><\/p>\n<p><a href=\"http:\/\/www.brasil.gov.br\" target=\"_blank\" rel=\"noopener\"><img decoding=\"async\" loading=\"lazy\" class=\"aligncenter size-full wp-image-1390\" src=\"http:\/\/aappu.com.br\/site\/wp-content\/uploads\/2016\/02\/republicaFederativa_s1.jpg\" alt=\"republicaFederativa_s1\" width=\"304\" height=\"110\" srcset=\"https:\/\/aappu.com.br\/site\/wp-content\/uploads\/2016\/02\/republicaFederativa_s1.jpg 304w, https:\/\/aappu.com.br\/site\/wp-content\/uploads\/2016\/02\/republicaFederativa_s1-300x109.jpg 300w\" sizes=\"(max-width: 304px) 100vw, 304px\" \/><\/a><\/p>\n<p><a href=\"http:\/\/aeu.com.br\/clube\/\" target=\"_blank\" rel=\"noopener\"><img decoding=\"async\" loading=\"lazy\" class=\"aligncenter size-full wp-image-1395\" src=\"http:\/\/aappu.com.br\/site\/wp-content\/uploads\/2016\/02\/aeu_s1.jpg\" alt=\"aeu_s1\" width=\"304\" height=\"110\" srcset=\"https:\/\/aappu.com.br\/site\/wp-content\/uploads\/2016\/02\/aeu_s1.jpg 304w, https:\/\/aappu.com.br\/site\/wp-content\/uploads\/2016\/02\/aeu_s1-300x109.jpg 300w\" sizes=\"(max-width: 304px) 100vw, 304px\" \/><\/a><\/p>\n<p><a href=\"http:\/\/www.usiminas.com\/\" target=\"_blank\" rel=\"noopener\"><img decoding=\"async\" loading=\"lazy\" class=\"aligncenter size-full wp-image-152\" src=\"http:\/\/aappu.com.br\/site\/wp-content\/uploads\/2016\/02\/usiminas_s1.jpg\" alt=\"usiminas_s1\" width=\"300\" height=\"106\" \/><\/a><\/p>\n<p><a href=\"http:\/\/www.fsfx.com.br\/usisaude\/\" target=\"_blank\" rel=\"noopener\"><img decoding=\"async\" loading=\"lazy\" class=\"aligncenter size-full wp-image-1381\" src=\"http:\/\/aappu.com.br\/site\/wp-content\/uploads\/2016\/02\/usiSaude_s1.jpg\" alt=\"usiSaude_s1\" width=\"304\" height=\"110\" srcset=\"https:\/\/aappu.com.br\/site\/wp-content\/uploads\/2016\/02\/usiSaude_s1.jpg 304w, https:\/\/aappu.com.br\/site\/wp-content\/uploads\/2016\/02\/usiSaude_s1-300x109.jpg 300w\" sizes=\"(max-width: 304px) 100vw, 304px\" \/><\/a><\/p>\n<p><a href=\"http:\/\/www.belohorizonte.mg.gov.br\/\" target=\"_blank\" rel=\"noopener\"><img decoding=\"async\" loading=\"lazy\" class=\"aligncenter size-full wp-image-1387\" src=\"http:\/\/aappu.com.br\/site\/wp-content\/uploads\/2016\/02\/beloHorizonte_s1.jpg\" alt=\"beloHorizonte_s1\" width=\"304\" height=\"110\" srcset=\"https:\/\/aappu.com.br\/site\/wp-content\/uploads\/2016\/02\/beloHorizonte_s1.jpg 304w, https:\/\/aappu.com.br\/site\/wp-content\/uploads\/2016\/02\/beloHorizonte_s1-300x109.jpg 300w\" sizes=\"(max-width: 304px) 100vw, 304px\" \/><\/a><\/p>\n<p><a href=\"http:\/\/www.radios.com.br\" target=\"_blank\" rel=\"noopener\"><img decoding=\"async\" loading=\"lazy\" class=\"aligncenter size-full wp-image-1391\" src=\"http:\/\/aappu.com.br\/site\/wp-content\/uploads\/2016\/02\/radioAoVivo_s1.jpg\" alt=\"radioAoVivo_s1\" width=\"304\" height=\"110\" srcset=\"https:\/\/aappu.com.br\/site\/wp-content\/uploads\/2016\/02\/radioAoVivo_s1.jpg 304w, https:\/\/aappu.com.br\/site\/wp-content\/uploads\/2016\/02\/radioAoVivo_s1-300x109.jpg 300w\" sizes=\"(max-width: 304px) 100vw, 304px\" \/><\/a><\/p>\n","protected":false},"excerpt":{"rendered":"<p>Links AAPPU Divulgamos aqui &#8220;links&#8221; para alguns &#8220;sites&#8221; que julgamos interessantes para os nossos associados e tamb\u00e9m para todos os nossos visitantes. Estamos esperando que voc\u00ea nos envie sugest\u00f5es para esta p\u00e1gina. Teremos o m\u00e1ximo prazer em divulgar aqui o endere\u00e7o de sua Home Page e tamb\u00e9m o seu endere\u00e7o eletr\u00f4nico (e-mail) para incrementar o [&hellip;]<\/p>\n","protected":false},"author":1,"featured_media":0,"parent":0,"menu_order":0,"comment_status":"closed","ping_status":"closed","template":"","meta":[],"_links":{"self":[{"href":"https:\/\/aappu.com.br\/site\/wp-json\/wp\/v2\/pages\/142"}],"collection":[{"href":"https:\/\/aappu.com.br\/site\/wp-json\/wp\/v2\/pages"}],"about":[{"href":"https:\/\/aappu.com.br\/site\/wp-json\/wp\/v2\/types\/page"}],"author":[{"embeddable":true,"href":"https:\/\/aappu.com.br\/site\/wp-json\/wp\/v2\/users\/1"}],"replies":[{"embeddable":true,"href":"https:\/\/aappu.com.br\/site\/wp-json\/wp\/v2\/comments?post=142"}],"version-history":[{"count":15,"href":"https:\/\/aappu.com.br\/site\/wp-json\/wp\/v2\/pages\/142\/revisions"}],"predecessor-version":[{"id":12318,"href":"https:\/\/aappu.com.br\/site\/wp-json\/wp\/v2\/pages\/142\/revisions\/12318"}],"wp:attachment":[{"href":"https:\/\/aappu.com.br\/site\/wp-json\/wp\/v2\/media?parent=142"}],"curies":[{"name":"wp","href":"https:\/\/api.w.org\/{rel}","templated":true}]}}