{"id":1359,"date":"2016-02-17T21:11:52","date_gmt":"2016-02-17T21:11:52","guid":{"rendered":"http:\/\/aappu.com.br\/site\/?page_id=1359"},"modified":"2023-03-16T22:08:14","modified_gmt":"2023-03-16T22:08:14","slug":"a-associacao","status":"publish","type":"page","link":"https:\/\/aappu.com.br\/site\/a-associacao\/","title":{"rendered":"A Associa\u00e7\u00e3o"},"content":{"rendered":"<h1 style=\"text-align: justify;\"><span style=\"color: #003366;\">A AAPPU<\/span><\/h1>\n<p style=\"text-align: justify;\">A AAPPU foi fundada em 10 de abril de 1986 em memor\u00e1vel reuni\u00e3o realizada no Col\u00e9gio Sagrado Cora\u00e7\u00e3o de Maria, na Rua Est\u00eav\u00e3o Pinto,400, ocasi\u00e3o em que 107 aposentados e pensionistas assinaram a ata da Assembl\u00e9ia de Constitui\u00e7\u00e3o.<\/p>\n<p style=\"text-align: justify;\"><span style=\"color: #003366;\"><strong>A AAPPU tem por finalidades:<\/strong><\/span><\/p>\n<p style=\"padding-left: 30px; text-align: justify;\">A. representar e defender os interesses dos associados junto \u00e0 Previd\u00eancia Social, Previd\u00eancia Usiminas, ex-empregadores e outras institui\u00e7\u00f5es p\u00fablicas e privadas;<\/p>\n<p style=\"padding-left: 30px; text-align: justify;\">B. assistir e prestar servi\u00e7os objetivando o amparo social do seu corpo de associados;<\/p>\n<p style=\"padding-left: 30px; text-align: justify;\">C. trabalhar junto \u00e0 comunidade objetivando a promo\u00e7\u00e3o e valoriza\u00e7\u00e3o da classe dos Aposentados e Pensionistas;<\/p>\n<p style=\"padding-left: 30px; text-align: justify;\">D. promover e oferecer ao mercado de trabalho os servi\u00e7os de associados que queiram trabalhar em suas especialidades.<\/p>\n<p style=\"text-align: justify;\">Funciona, em sede pr\u00f3pria, na Av. Amazonas, 298, Sala 1401, no hor\u00e1rio de 8h30 \u00e0s 17h30 de 2\u00aa a 6\u00aa feira.<\/p>\n<p style=\"text-align: justify;\">\u00c9 dirigida por um Presidente e tr\u00eas Diretores, por um Conselho Deliberativo composto de seis membros efetivos e tr\u00eas suplentes e um Conselho Fiscal composto de tr\u00eas membros efetivos e tr\u00eas suplentes.<\/p>\n<p style=\"text-align: justify;\">A secretaria \u00e9 atendida pelas eficientes colaboradoras Aki, N\u00e1ria e Rejane.<\/p>\n<p style=\"text-align: justify;\">Disp\u00f5e dos telefones <strong>3271-6049 e 3212-4241<\/strong>\u00a0e de dois micro-computadores.<\/p>\n<p style=\"text-align: justify;\">Desde o dia 1\u00ba de janeiro de 1998 est\u00e1 ligada \u00e0 Internet com o seguinte &#8220;e-mail&#8221;: <a href=\"mailto:aappu@aappu.com.br\">aappu@aappu.com.br<\/a><\/p>\n<p style=\"text-align: justify;\">A Secretaria da AAPPU est\u00e1 \u00e0 disposi\u00e7\u00e3o dos associados para pequenos servi\u00e7os de datilografia, informa\u00e7\u00f5es sobre credenciamentos do Fundo Sa\u00fade,valores de seguros, marca\u00e7\u00e3o de consultas jur\u00eddicas e check-up m\u00e9dico, e diversas outras informa\u00e7\u00f5es de interesse direto dos aposentados e pensionistas da PREVID\u00caNCIA\u00a0USIMINAS.<\/p>\n<p style=\"text-align: justify;\">Recebe diversas revistas e publica\u00e7\u00f5es da ABRAPP e de outras entidades.<\/p>\n<p style=\"text-align: justify;\">Sua visita ser\u00e1 sempre bem-vinda e h\u00e1 sempre uma \u00e1gua gelada ou um cafezinho \u00e0 sua espera e servido pelos nossos dedicados funcion\u00e1rios.<\/p>\n<p style=\"text-align: justify;\"><a href=\"http:\/\/aappu.com.br\/site\/wp-content\/uploads\/2022\/06\/Estatuto-26-de-abril-2018-FINAL.pdf\"><img decoding=\"async\" loading=\"lazy\" class=\"aligncenter wp-image-8515 size-full\" src=\"http:\/\/aappu.com.br\/site\/wp-content\/uploads\/2016\/02\/Untitled-1-1.png\" alt=\"\" width=\"259\" height=\"62\" \/><\/a><\/p>\n","protected":false},"excerpt":{"rendered":"<p>A AAPPU A AAPPU foi fundada em 10 de abril de 1986 em memor\u00e1vel reuni\u00e3o realizada no Col\u00e9gio Sagrado Cora\u00e7\u00e3o de Maria, na Rua Est\u00eav\u00e3o Pinto,400, ocasi\u00e3o em que 107 aposentados e pensionistas assinaram a ata da Assembl\u00e9ia de Constitui\u00e7\u00e3o. A AAPPU tem por finalidades: A. representar e defender os interesses dos associados junto \u00e0 [&hellip;]<\/p>\n","protected":false},"author":1,"featured_media":0,"parent":0,"menu_order":0,"comment_status":"closed","ping_status":"closed","template":"","meta":[],"_links":{"self":[{"href":"https:\/\/aappu.com.br\/site\/wp-json\/wp\/v2\/pages\/1359"}],"collection":[{"href":"https:\/\/aappu.com.br\/site\/wp-json\/wp\/v2\/pages"}],"about":[{"href":"https:\/\/aappu.com.br\/site\/wp-json\/wp\/v2\/types\/page"}],"author":[{"embeddable":true,"href":"https:\/\/aappu.com.br\/site\/wp-json\/wp\/v2\/users\/1"}],"replies":[{"embeddable":true,"href":"https:\/\/aappu.com.br\/site\/wp-json\/wp\/v2\/comments?post=1359"}],"version-history":[{"count":14,"href":"https:\/\/aappu.com.br\/site\/wp-json\/wp\/v2\/pages\/1359\/revisions"}],"predecessor-version":[{"id":12321,"href":"https:\/\/aappu.com.br\/site\/wp-json\/wp\/v2\/pages\/1359\/revisions\/12321"}],"wp:attachment":[{"href":"https:\/\/aappu.com.br\/site\/wp-json\/wp\/v2\/media?parent=1359"}],"curies":[{"name":"wp","href":"https:\/\/api.w.org\/{rel}","templated":true}]}}