{"id":1348,"date":"2016-02-17T20:53:47","date_gmt":"2016-02-17T20:53:47","guid":{"rendered":"http:\/\/aappu.com.br\/site\/?page_id=1348"},"modified":"2023-03-16T01:47:45","modified_gmt":"2023-03-16T01:47:45","slug":"contato","status":"publish","type":"page","link":"https:\/\/aappu.com.br\/site\/contato\/","title":{"rendered":"Contato"},"content":{"rendered":"<h3 style=\"text-align: left;\"><span style=\"color: #808080;\">Boas vindas a nossa central de relacionamento AAPPU<\/span><\/h3>\n<p style=\"text-align: justify;\">Esse espa\u00e7o \u00e9 muito importante para a melhoria da AAPPU. Utilize-o para esclarecer d\u00favidas, ressaltar cr\u00edticas, oferecer sugest\u00f5es e na atualiza\u00e7\u00e3o de dados. Sua mensagem ser\u00e1 encaminhada ao setor respons\u00e1vel para que possamos respond\u00ea-la o mais breve poss\u00edvel.<\/p>\n<p style=\"text-align: justify;\"><img decoding=\"async\" loading=\"lazy\" class=\"alignnone size-full wp-image-1354\" src=\"http:\/\/aappu.com.br\/site\/wp-content\/uploads\/2016\/02\/Carts.jpg\" alt=\"Carts\" width=\"431\" height=\"280\" srcset=\"https:\/\/aappu.com.br\/site\/wp-content\/uploads\/2016\/02\/Carts.jpg 431w, https:\/\/aappu.com.br\/site\/wp-content\/uploads\/2016\/02\/Carts-300x195.jpg 300w\" sizes=\"(max-width: 431px) 100vw, 431px\" \/><\/p>\n<h4><\/h4>\n<h4><span style=\"color: #808080;\"><em><strong>Entre em contato conosco preenchendo o formul\u00e1rio abaixo:<\/strong><\/em><\/span><\/h4>\n<div class=\"wpforms-container wpforms-container-full\" id=\"wpforms-12249\"><form id=\"wpforms-form-12249\" class=\"wpforms-validate wpforms-form wpforms-ajax-form\" data-formid=\"12249\" method=\"post\" enctype=\"multipart\/form-data\" action=\"\/site\/wp-json\/wp\/v2\/pages\/1348\" data-token=\"d3906968c354886c9a257acff8184561\"><noscript class=\"wpforms-error-noscript\">Ative o JavaScript no seu navegador para preencher este formul\u00e1rio.<\/noscript><div class=\"wpforms-field-container\"><div id=\"wpforms-12249-field_0-container\" class=\"wpforms-field wpforms-field-name\" data-field-id=\"0\"><label class=\"wpforms-field-label\" for=\"wpforms-12249-field_0\">Nome <span class=\"wpforms-required-label\">*<\/span><\/label><div class=\"wpforms-field-row wpforms-field-medium\"><div class=\"wpforms-field-row-block wpforms-first wpforms-one-half\"><input type=\"text\" id=\"wpforms-12249-field_0\" class=\"wpforms-field-name-first wpforms-field-required\" name=\"wpforms[fields][0][first]\" required><label for=\"wpforms-12249-field_0\" class=\"wpforms-field-sublabel after \">Nome<\/label><\/div><div class=\"wpforms-field-row-block wpforms-one-half\"><input type=\"text\" id=\"wpforms-12249-field_0-last\" class=\"wpforms-field-name-last wpforms-field-required\" name=\"wpforms[fields][0][last]\" required><label for=\"wpforms-12249-field_0-last\" class=\"wpforms-field-sublabel after \">Sobrenome<\/label><\/div><\/div><\/div><div id=\"wpforms-12249-field_1-container\" class=\"wpforms-field wpforms-field-email\" data-field-id=\"1\"><label class=\"wpforms-field-label\" for=\"wpforms-12249-field_1\">E-mail <span class=\"wpforms-required-label\">*<\/span><\/label><input type=\"email\" id=\"wpforms-12249-field_1\" class=\"wpforms-field-medium wpforms-field-required\" name=\"wpforms[fields][1]\" required><\/div><div id=\"wpforms-12249-field_2-container\" class=\"wpforms-field wpforms-field-textarea\" data-field-id=\"2\"><label class=\"wpforms-field-label\" for=\"wpforms-12249-field_2\">Coment\u00e1rio ou Mensagem<\/label><textarea id=\"wpforms-12249-field_2\" class=\"wpforms-field-medium\" name=\"wpforms[fields][2]\" ><\/textarea><\/div><\/div><div class=\"wpforms-recaptcha-container wpforms-is-recaptcha\"><div class=\"g-recaptcha\" data-sitekey=\"6LfrLzclAAAAACPULcDIYE5IkKXDV0o2BXAsmJta\"><\/div><input type=\"text\" name=\"g-recaptcha-hidden\" class=\"wpforms-recaptcha-hidden\" style=\"position:absolute!important;clip:rect(0,0,0,0)!important;height:1px!important;width:1px!important;border:0!important;overflow:hidden!important;padding:0!important;margin:0!important;\" required><\/div><div class=\"wpforms-submit-container\"><input type=\"hidden\" name=\"wpforms[id]\" value=\"12249\"><input type=\"hidden\" name=\"wpforms[author]\" value=\"1\"><button type=\"submit\" name=\"wpforms[submit]\" id=\"wpforms-submit-12249\" class=\"wpforms-submit\" data-alt-text=\"Enviando...\" data-submit-text=\"Enviar\" aria-live=\"assertive\" value=\"wpforms-submit\">Enviar<\/button><img src=\"https:\/\/aappu.com.br\/site\/wp-content\/plugins\/wpforms-lite\/assets\/images\/submit-spin.svg\" class=\"wpforms-submit-spinner\" style=\"display: none;\" width=\"26\" height=\"26\" alt=\"A Carregar\"><\/div><\/form><\/div>  <!-- .wpforms-container -->\n","protected":false},"excerpt":{"rendered":"<p>Boas vindas a nossa central de relacionamento AAPPU Esse espa\u00e7o \u00e9 muito importante para a melhoria da AAPPU. Utilize-o para esclarecer d\u00favidas, ressaltar cr\u00edticas, oferecer sugest\u00f5es e na atualiza\u00e7\u00e3o de dados. Sua mensagem ser\u00e1 encaminhada ao setor respons\u00e1vel para que possamos respond\u00ea-la o mais breve poss\u00edvel. Entre em contato conosco preenchendo o formul\u00e1rio abaixo:<\/p>\n","protected":false},"author":1,"featured_media":0,"parent":0,"menu_order":0,"comment_status":"closed","ping_status":"closed","template":"","meta":[],"_links":{"self":[{"href":"https:\/\/aappu.com.br\/site\/wp-json\/wp\/v2\/pages\/1348"}],"collection":[{"href":"https:\/\/aappu.com.br\/site\/wp-json\/wp\/v2\/pages"}],"about":[{"href":"https:\/\/aappu.com.br\/site\/wp-json\/wp\/v2\/types\/page"}],"author":[{"embeddable":true,"href":"https:\/\/aappu.com.br\/site\/wp-json\/wp\/v2\/users\/1"}],"replies":[{"embeddable":true,"href":"https:\/\/aappu.com.br\/site\/wp-json\/wp\/v2\/comments?post=1348"}],"version-history":[{"count":9,"href":"https:\/\/aappu.com.br\/site\/wp-json\/wp\/v2\/pages\/1348\/revisions"}],"predecessor-version":[{"id":12253,"href":"https:\/\/aappu.com.br\/site\/wp-json\/wp\/v2\/pages\/1348\/revisions\/12253"}],"wp:attachment":[{"href":"https:\/\/aappu.com.br\/site\/wp-json\/wp\/v2\/media?parent=1348"}],"curies":[{"name":"wp","href":"https:\/\/api.w.org\/{rel}","templated":true}]}}