{"id":107,"date":"2016-02-05T19:47:21","date_gmt":"2016-02-05T19:47:21","guid":{"rendered":"http:\/\/aappu.com.br\/site\/?page_id=107"},"modified":"2023-03-16T02:05:05","modified_gmt":"2023-03-16T02:05:05","slug":"seja-associado","status":"publish","type":"page","link":"https:\/\/aappu.com.br\/site\/seja-associado\/","title":{"rendered":"Seja Associado"},"content":{"rendered":"<p style=\"text-align: justify;\">V\u00e1rios s\u00e3o os motivos que justificam ser um associado da AAPPU, mas um deles \u00e9 primordial: Manter a conviv\u00eancia com os antigos colegas e amigos, dando continuidade a um relacionamento dif\u00edcil de ver na correria dos dias de hoje.<\/p>\n<p><strong>Quem pode se associar:<\/strong><\/p>\n<ul>\n<li>Aposentados e Pensionistas da Usiminas e INSS;<\/li>\n<li>Aposentados do INSS que trabalharam na Usiminas;<\/li>\n<li>Aposentados do INSS que ainda trabalham na Usiminas.<\/li>\n<\/ul>\n<p><a href=\"http:\/\/aappu.com.br\/site\/wp-content\/uploads\/2016\/02\/AutorizacaoSocio.pdf\" target=\"_blank\" rel=\"noopener\"><img decoding=\"async\" loading=\"lazy\" class=\"size-full wp-image-126 aligncenter\" src=\"http:\/\/aappu.com.br\/site\/wp-content\/uploads\/2016\/02\/carta.gif\" alt=\"carta\" width=\"259\" height=\"62\" \/><\/a><\/p>\n<p><a href=\"http:\/\/aappu.com.br\/site\/wp-content\/uploads\/2016\/02\/PropostaSocioAAPPU.pdf\" target=\"_blank\" rel=\"noopener\"><img decoding=\"async\" loading=\"lazy\" class=\"aligncenter size-full wp-image-131\" src=\"http:\/\/aappu.com.br\/site\/wp-content\/uploads\/2016\/02\/proposta.gif\" alt=\"proposta\" width=\"259\" height=\"62\" \/><\/a><\/p>\n","protected":false},"excerpt":{"rendered":"<p>V\u00e1rios s\u00e3o os motivos que justificam ser um associado da AAPPU, mas um deles \u00e9 primordial: Manter a conviv\u00eancia com os antigos colegas e amigos, dando continuidade a um relacionamento dif\u00edcil de ver na correria dos dias de hoje. Quem pode se associar: Aposentados e Pensionistas da Usiminas e INSS; Aposentados do INSS que trabalharam [&hellip;]<\/p>\n","protected":false},"author":1,"featured_media":0,"parent":0,"menu_order":0,"comment_status":"closed","ping_status":"closed","template":"","meta":[],"_links":{"self":[{"href":"https:\/\/aappu.com.br\/site\/wp-json\/wp\/v2\/pages\/107"}],"collection":[{"href":"https:\/\/aappu.com.br\/site\/wp-json\/wp\/v2\/pages"}],"about":[{"href":"https:\/\/aappu.com.br\/site\/wp-json\/wp\/v2\/types\/page"}],"author":[{"embeddable":true,"href":"https:\/\/aappu.com.br\/site\/wp-json\/wp\/v2\/users\/1"}],"replies":[{"embeddable":true,"href":"https:\/\/aappu.com.br\/site\/wp-json\/wp\/v2\/comments?post=107"}],"version-history":[{"count":12,"href":"https:\/\/aappu.com.br\/site\/wp-json\/wp\/v2\/pages\/107\/revisions"}],"predecessor-version":[{"id":12279,"href":"https:\/\/aappu.com.br\/site\/wp-json\/wp\/v2\/pages\/107\/revisions\/12279"}],"wp:attachment":[{"href":"https:\/\/aappu.com.br\/site\/wp-json\/wp\/v2\/media?parent=107"}],"curies":[{"name":"wp","href":"https:\/\/api.w.org\/{rel}","templated":true}]}}