{"id":9758,"date":"2019-10-17T03:14:42","date_gmt":"2019-10-17T03:14:42","guid":{"rendered":"http:\/\/aappu.com.br\/site\/?page_id=9758"},"modified":"2023-03-16T01:54:26","modified_gmt":"2023-03-16T01:54:26","slug":"informativos86a99","status":"publish","type":"page","link":"http:\/\/aappu.com.br\/site\/informativos86a99\/","title":{"rendered":"Informativos 1986 a 1997"},"content":{"rendered":"<h1>Evolu\u00e7\u00e3o dos Informativos 1986&nbsp;a 1997<\/h1>\n<p><a href=\"http:\/\/aappu.com.br\/site\/wp-content\/uploads\/2019\/10\/Informe-01-001.jpg\">Edi\u00e7\u00e3o 1 &#8211;&nbsp;Agosto 1986<\/a><\/p>\n<p><a href=\"http:\/\/aappu.com.br\/site\/wp-content\/uploads\/2019\/10\/informe-15-Fev.-Mar\u00e7o-88-001.jpg\">Edi\u00e7\u00e3o 15 &#8211; Mar\u00e7o 1988<\/a><\/p>\n<p><a href=\"http:\/\/aappu.com.br\/site\/wp-content\/uploads\/2019\/10\/informe-18-Junho-88-001.jpg\">Edi\u00e7\u00e3o 18 &#8211; Junho 1988<\/a><\/p>\n<p><a href=\"http:\/\/aappu.com.br\/site\/wp-content\/uploads\/2019\/10\/Informe-30-Jan.-90-001.jpg\">Edi\u00e7\u00e3o 30 &#8211; Janeiro 1990<\/a><\/p>\n<p><a href=\"http:\/\/aappu.com.br\/site\/wp-content\/uploads\/2019\/10\/Informe-40-1991-001.jpg\">Edi\u00e7\u00e3o 40 &#8211; Julho 1991<\/a><\/p>\n<p><a href=\"http:\/\/aappu.com.br\/site\/wp-content\/uploads\/2019\/10\/Informe-49-1992-001.jpg\">Edi\u00e7\u00e3o 49 &#8211; Agosto 1992<\/a><\/p>\n<p><a href=\"http:\/\/aappu.com.br\/site\/wp-content\/uploads\/2019\/10\/Informe-66-1994-001.jpg\">Edi\u00e7\u00e3o 66 &#8211; Dezembro 1994<\/a><\/p>\n<p><a href=\"http:\/\/aappu.com.br\/site\/wp-content\/uploads\/2019\/10\/Edi\u00e7\u00e3o-Especial-1996-001.jpg\">Edi\u00e7\u00e3o Especial &#8211; 1996<\/a><\/p>\n<p><a href=\"http:\/\/aappu.com.br\/site\/wp-content\/uploads\/2019\/10\/Edi\u00e7\u00e3o-Especial-1997-001.jpg\">Edi\u00e7\u00e3o Especial &#8211; 1997<\/a><\/p>\n","protected":false},"excerpt":{"rendered":"","protected":false},"author":2,"featured_media":0,"parent":0,"menu_order":0,"comment_status":"closed","ping_status":"closed","template":"","meta":[],"_links":{"self":[{"href":"http:\/\/aappu.com.br\/site\/wp-json\/wp\/v2\/pages\/9758"}],"collection":[{"href":"http:\/\/aappu.com.br\/site\/wp-json\/wp\/v2\/pages"}],"about":[{"href":"http:\/\/aappu.com.br\/site\/wp-json\/wp\/v2\/types\/page"}],"author":[{"embeddable":true,"href":"http:\/\/aappu.com.br\/site\/wp-json\/wp\/v2\/users\/2"}],"replies":[{"embeddable":true,"href":"http:\/\/aappu.com.br\/site\/wp-json\/wp\/v2\/comments?post=9758"}],"version-history":[{"count":17,"href":"http:\/\/aappu.com.br\/site\/wp-json\/wp\/v2\/pages\/9758\/revisions"}],"predecessor-version":[{"id":12261,"href":"http:\/\/aappu.com.br\/site\/wp-json\/wp\/v2\/pages\/9758\/revisions\/12261"}],"wp:attachment":[{"href":"http:\/\/aappu.com.br\/site\/wp-json\/wp\/v2\/media?parent=9758"}],"curies":[{"name":"wp","href":"https:\/\/api.w.org\/{rel}","templated":true}]}}