{"id":9149,"date":"2018-03-09T13:55:37","date_gmt":"2018-03-09T13:55:37","guid":{"rendered":"http:\/\/aappu.com.br\/site\/?page_id=9149"},"modified":"2023-04-13T19:34:55","modified_gmt":"2023-04-13T19:34:55","slug":"informativos-2018","status":"publish","type":"page","link":"http:\/\/aappu.com.br\/site\/informativos-2018\/","title":{"rendered":"Informativos 2018"},"content":{"rendered":"<h4><span style=\"color: #0000ff;\"><strong><a style=\"color: #0000ff;\" href=\"http:\/\/aappu.com.br\/site\/wp-content\/uploads\/2019\/01\/ED-290-WeB-ok-05-03.pdf\">Edi\u00e7\u00e3o 290 &#8211; JANEIRO\/ FEVEREIRO<\/a><\/strong><\/span><\/h4>\n<h4><span style=\"color: #0000ff;\"><strong><a style=\"color: #0000ff;\" href=\"http:\/\/aappu.com.br\/site\/wp-content\/uploads\/2018\/05\/ED-291-WEB.pdf\">Edi\u00e7\u00e3o 291 &#8211; MAR\u00c7O \/ ABRIL<\/a><\/strong><\/span><\/h4>\n<h4><a href=\"http:\/\/aappu.com.br\/site\/wp-content\/uploads\/2018\/07\/Edi\u00e7\u00e3o-292-WEB-26-06-18-.pdf\"><span style=\"color: #0000ff;\"><strong>Edi\u00e7\u00e3o 292 &#8211; MAIO \/ JUNHO<\/strong><\/span><\/a><\/h4>\n<h4><span style=\"color: #000080;\"><a style=\"color: #000080;\" href=\"http:\/\/aappu.com.br\/site\/wp-content\/uploads\/2018\/09\/Edi\u00e7\u00e3o-293-WEB-2-2.pdf\"><span style=\"color: #0000ff;\"><strong>Edi\u00e7\u00e3o 293 &#8211; JULHO \/ AGOSTO<\/strong><\/span><\/a><\/span><\/h4>\n<h4><span style=\"color: #000080;\"><a href=\"http:\/\/aappu.com.br\/site\/wp-content\/uploads\/2018\/11\/Edi\u00e7\u00e3o-294-WEB.pdf\"><span style=\"color: #0000ff;\"><strong>Edi\u00e7\u00e3o 294 &#8211; SETEMBRO \/ OUTUBRO<\/strong><\/span><\/a><\/span><\/h4>\n","protected":false},"excerpt":{"rendered":"<p>Edi\u00e7\u00e3o 290 &#8211; JANEIRO\/ FEVEREIRO Edi\u00e7\u00e3o 291 &#8211; MAR\u00c7O \/ ABRIL Edi\u00e7\u00e3o 292 &#8211; MAIO \/ JUNHO Edi\u00e7\u00e3o 293 &#8211; JULHO \/ AGOSTO Edi\u00e7\u00e3o 294 &#8211; SETEMBRO \/ OUTUBRO<\/p>\n","protected":false},"author":2,"featured_media":0,"parent":0,"menu_order":0,"comment_status":"closed","ping_status":"closed","template":"","meta":[],"_links":{"self":[{"href":"http:\/\/aappu.com.br\/site\/wp-json\/wp\/v2\/pages\/9149"}],"collection":[{"href":"http:\/\/aappu.com.br\/site\/wp-json\/wp\/v2\/pages"}],"about":[{"href":"http:\/\/aappu.com.br\/site\/wp-json\/wp\/v2\/types\/page"}],"author":[{"embeddable":true,"href":"http:\/\/aappu.com.br\/site\/wp-json\/wp\/v2\/users\/2"}],"replies":[{"embeddable":true,"href":"http:\/\/aappu.com.br\/site\/wp-json\/wp\/v2\/comments?post=9149"}],"version-history":[{"count":50,"href":"http:\/\/aappu.com.br\/site\/wp-json\/wp\/v2\/pages\/9149\/revisions"}],"predecessor-version":[{"id":12848,"href":"http:\/\/aappu.com.br\/site\/wp-json\/wp\/v2\/pages\/9149\/revisions\/12848"}],"wp:attachment":[{"href":"http:\/\/aappu.com.br\/site\/wp-json\/wp\/v2\/media?parent=9149"}],"curies":[{"name":"wp","href":"https:\/\/api.w.org\/{rel}","templated":true}]}}