{"id":1959,"date":"2016-07-18T19:50:08","date_gmt":"2016-07-18T19:50:08","guid":{"rendered":"http:\/\/aappu.com.br\/site\/?page_id=1959"},"modified":"2023-04-13T19:31:03","modified_gmt":"2023-04-13T19:31:03","slug":"informativo-2016","status":"publish","type":"page","link":"http:\/\/aappu.com.br\/site\/informativo-2016\/","title":{"rendered":"Informativos 2016"},"content":{"rendered":"<h3><span style=\"color: #003366;\">Edi\u00e7\u00f5es Anteriores 2016<\/span><\/h3>\n<h4><span style=\"color: #0000ff;\"><strong><a style=\"color: #0000ff;\" href=\"http:\/\/aappu.com.br\/site\/wp-content\/uploads\/2016\/07\/Edi\u00e7\u00e3o-277-WEB.pdf\">EDI\u00c7\u00c3O 277 &#8211; JANEIRO<\/a><\/strong><\/span><\/h4>\n<h4><span style=\"color: #0000ff;\"><strong><a style=\"color: #0000ff;\" href=\"http:\/\/aappu.com.br\/site\/wp-content\/uploads\/2016\/07\/Edi\u00e7\u00e3o-278-WEB-1.pdf\">EDI\u00c7\u00c3O 278 &#8211; FEVEREIRO \/ MAR\u00c7O<\/a><\/strong><\/span><\/h4>\n<h4><span style=\"color: #0000ff;\"><strong><a style=\"color: #0000ff;\" href=\"http:\/\/aappu.com.br\/site\/wp-content\/uploads\/2016\/07\/Edi\u00e7\u00e3o-279-WEB.pdf\">EDI\u00c7\u00c3O 279 &#8211; ABRIL \/ MAIO<\/a><\/strong><\/span><\/h4>\n<h4><span style=\"color: #0000ff;\"><a style=\"color: #0000ff;\" href=\"http:\/\/aappu.com.br\/site\/wp-content\/uploads\/2016\/08\/Edi\u00e7\u00e3o-280-impress\u00e3o.pdf\"><span style=\"color: #0000ff;\"><strong>EDI\u00c7\u00c3O 280 &#8211; JUNHO \/ JULHO<\/strong><\/span><\/a><\/span><\/h4>\n<h4><span style=\"color: #0000ff;\"><strong><a style=\"color: #0000ff;\" href=\"http:\/\/aappu.com.br\/site\/wp-content\/uploads\/2016\/10\/1a-p\u00e1gina-informe.jpg\">EDI\u00c7\u00c3O 281 &#8211; AGOSTO \/ SETEMBRO<\/a><\/strong><\/span><\/h4>\n<h4><span style=\"color: #0000ff;\"><strong><a style=\"color: #0000ff;\" href=\"http:\/\/aappu.com.br\/site\/wp-content\/uploads\/2017\/01\/Edi%C3%A7%C3%A3o-282-Web.pdf\">EDI\u00c7\u00c3O 282 &#8211; OUTUBRO \/ NOVEMBRO<\/a><\/strong><\/span><\/h4>\n<h4><span style=\"color: #0000ff;\"><strong><a style=\"color: #0000ff;\" href=\"http:\/\/aappu.com.br\/site\/wp-content\/uploads\/2017\/01\/Edi%C3%A7%C3%A3o-283-WEB.compressed.pdf\">EDI\u00c7\u00c3O 283 &#8211; DEZEMBRO<\/a><\/strong><\/span><\/h4>\n\n\n<p><\/p>\n","protected":false},"excerpt":{"rendered":"<p>Edi\u00e7\u00f5es Anteriores 2016 EDI\u00c7\u00c3O 277 &#8211; JANEIRO EDI\u00c7\u00c3O 278 &#8211; FEVEREIRO \/ MAR\u00c7O EDI\u00c7\u00c3O 279 &#8211; ABRIL \/ MAIO EDI\u00c7\u00c3O 280 &#8211; JUNHO \/ JULHO EDI\u00c7\u00c3O 281 &#8211; AGOSTO \/ SETEMBRO EDI\u00c7\u00c3O 282 &#8211; OUTUBRO \/ NOVEMBRO EDI\u00c7\u00c3O 283 &#8211; DEZEMBRO<\/p>\n","protected":false},"author":1,"featured_media":0,"parent":0,"menu_order":0,"comment_status":"closed","ping_status":"closed","template":"","meta":[],"_links":{"self":[{"href":"http:\/\/aappu.com.br\/site\/wp-json\/wp\/v2\/pages\/1959"}],"collection":[{"href":"http:\/\/aappu.com.br\/site\/wp-json\/wp\/v2\/pages"}],"about":[{"href":"http:\/\/aappu.com.br\/site\/wp-json\/wp\/v2\/types\/page"}],"author":[{"embeddable":true,"href":"http:\/\/aappu.com.br\/site\/wp-json\/wp\/v2\/users\/1"}],"replies":[{"embeddable":true,"href":"http:\/\/aappu.com.br\/site\/wp-json\/wp\/v2\/comments?post=1959"}],"version-history":[{"count":43,"href":"http:\/\/aappu.com.br\/site\/wp-json\/wp\/v2\/pages\/1959\/revisions"}],"predecessor-version":[{"id":12844,"href":"http:\/\/aappu.com.br\/site\/wp-json\/wp\/v2\/pages\/1959\/revisions\/12844"}],"wp:attachment":[{"href":"http:\/\/aappu.com.br\/site\/wp-json\/wp\/v2\/media?parent=1959"}],"curies":[{"name":"wp","href":"https:\/\/api.w.org\/{rel}","templated":true}]}}