{"id":1951,"date":"2016-07-18T19:30:12","date_gmt":"2016-07-18T19:30:12","guid":{"rendered":"http:\/\/aappu.com.br\/site\/?page_id=1951"},"modified":"2023-04-14T17:36:59","modified_gmt":"2023-04-14T17:36:59","slug":"informativo-2012","status":"publish","type":"page","link":"http:\/\/aappu.com.br\/site\/informativo-2012\/","title":{"rendered":"Informativos 2012"},"content":{"rendered":"<h4><a href=\"http:\/\/aappu.com.br\/site\/wp-content\/uploads\/2016\/02\/EDIC\u0327A\u0303O-233-JANEIRO.pdf\" target=\"_blank\" rel=\"attachment noopener wp-att-1421\"><span style=\"color: #0000ff;\"><strong>Edi\u00e7\u00e3o 233 &#8211; JANEIRO<\/strong><\/span><\/a><\/h4>\n<h4><a href=\"http:\/\/aappu.com.br\/site\/wp-content\/uploads\/2016\/02\/EDIC%CC%A7A%CC%83O-234-FEVEREIRO.pdf\" target=\"_blank\" rel=\"attachment noopener wp-att-1422\"><span style=\"color: #0000ff;\"><strong>Edi\u00e7\u00e3o 234 &#8211; FEVEREIRO<\/strong><\/span><\/a><\/h4>\n<h4><a href=\"http:\/\/aappu.com.br\/site\/wp-content\/uploads\/2016\/02\/EDIC\u0327A\u0303O-236-ABRIL.pdf\" target=\"_blank\" rel=\"attachment noopener wp-att-1423\"><span style=\"color: #0000ff;\"><strong>Edi\u00e7\u00e3o 235 &#8211; MAR\u00c7O<\/strong><\/span><\/a><\/h4>\n<h4><span style=\"color: #0000ff;\"><a style=\"color: #0000ff;\" href=\"http:\/\/aappu.com.br\/site\/informativo-2\/edic%cc%a7a%cc%83o-236-abril\" rel=\"attachment wp-att-1424\"><strong>Edi\u00e7\u00e3o 236 &#8211; ABRIL<\/strong><\/a><\/span><\/h4>\n<h4><a href=\"http:\/\/aappu.com.br\/site\/wp-content\/uploads\/2016\/02\/EDIC\u0327A\u0303O-237-MAIO.pdf\" target=\"_blank\" rel=\"attachment noopener wp-att-1426\"><span style=\"color: #0000ff;\"><strong>Edi\u00e7\u00e3o 237 &#8211; MAIO<\/strong><\/span><\/a><\/h4>\n<h4><a href=\"http:\/\/aappu.com.br\/site\/wp-content\/uploads\/2016\/02\/EDIC\u0327A\u0303O-238-JUNHO.pdf\" rel=\"attachment wp-att-1427\"><span style=\"color: #0000ff;\"><strong>Edi\u00e7\u00e3o 238 &#8211; JUNHO<\/strong><\/span><\/a><\/h4>\n<h4><a href=\"http:\/\/aappu.com.br\/site\/wp-content\/uploads\/2016\/02\/EDIC\u0327A\u0303O-239-JULHO.pdf\" target=\"_blank\" rel=\"attachment noopener wp-att-1428\"><span style=\"color: #0000ff;\"><strong>Edi\u00e7\u00e3o 239 -JULHO<\/strong><\/span><\/a><\/h4>\n<h4><a href=\"http:\/\/aappu.com.br\/site\/wp-content\/uploads\/2016\/02\/EDIC\u0327A\u0303O-240-AGOSTO.pdf\" target=\"_blank\" rel=\"noopener\"><span style=\"color: #0000ff;\"><strong>Edi\u00e7\u00e3o 240 &#8211; AGOSTO<\/strong><\/span><\/a><\/h4>\n<h4><a href=\"http:\/\/aappu.com.br\/site\/wp-content\/uploads\/2016\/02\/EDIC\u0327A\u0303O-241-SETEMBRO.pdf\" target=\"_blank\" rel=\"noopener\"><span style=\"color: #0000ff;\"><strong>Edi\u00e7\u00e3o 241 &#8211; SETEMBRO<\/strong><\/span><\/a><\/h4>\n<h4><span style=\"color: #0000ff;\"><strong><a style=\"color: #0000ff;\" href=\"http:\/\/aappu.com.br\/site\/wp-content\/uploads\/2016\/02\/EDIC\u0327A\u0303O-242-OUTUBRO.pdf\" target=\"_blank\" rel=\"noopener\">Edi\u00e7\u00e3o 242 &#8211; OUTUBRO<\/a><\/strong><\/span><\/h4>\n<h4><span style=\"color: #0000ff;\"><strong><a style=\"color: #0000ff;\" href=\"http:\/\/aappu.com.br\/site\/wp-content\/uploads\/2016\/02\/EDIC\u0327A\u0303O-243-NOVEMBRO.pdf\" target=\"_blank\" rel=\"noopener\">Edi\u00e7\u00e3o 243 &#8211; NOVEMBRO<\/a><\/strong><\/span><\/h4>\n<h4><span style=\"color: #0000ff;\"><strong><a style=\"color: #0000ff;\" href=\"http:\/\/aappu.com.br\/site\/wp-content\/uploads\/2016\/02\/EDIC\u0327A\u0303O-244-DEZEMBRO.pdf\" target=\"_blank\" rel=\"attachment noopener wp-att-1434\">Edi\u00e7\u00e3o 244 &#8211; DEZEMBRO<\/a><\/strong><\/span><\/h4>\n\n\n<p><\/p>\n","protected":false},"excerpt":{"rendered":"<p>Edi\u00e7\u00e3o 233 &#8211; JANEIRO Edi\u00e7\u00e3o 234 &#8211; FEVEREIRO Edi\u00e7\u00e3o 235 &#8211; MAR\u00c7O Edi\u00e7\u00e3o 236 &#8211; ABRIL Edi\u00e7\u00e3o 237 &#8211; MAIO Edi\u00e7\u00e3o 238 &#8211; JUNHO Edi\u00e7\u00e3o 239 -JULHO Edi\u00e7\u00e3o 240 &#8211; AGOSTO Edi\u00e7\u00e3o 241 &#8211; SETEMBRO Edi\u00e7\u00e3o 242 &#8211; OUTUBRO Edi\u00e7\u00e3o 243 &#8211; NOVEMBRO Edi\u00e7\u00e3o 244 &#8211; DEZEMBRO<\/p>\n","protected":false},"author":1,"featured_media":0,"parent":0,"menu_order":0,"comment_status":"closed","ping_status":"closed","template":"","meta":[],"_links":{"self":[{"href":"http:\/\/aappu.com.br\/site\/wp-json\/wp\/v2\/pages\/1951"}],"collection":[{"href":"http:\/\/aappu.com.br\/site\/wp-json\/wp\/v2\/pages"}],"about":[{"href":"http:\/\/aappu.com.br\/site\/wp-json\/wp\/v2\/types\/page"}],"author":[{"embeddable":true,"href":"http:\/\/aappu.com.br\/site\/wp-json\/wp\/v2\/users\/1"}],"replies":[{"embeddable":true,"href":"http:\/\/aappu.com.br\/site\/wp-json\/wp\/v2\/comments?post=1951"}],"version-history":[{"count":6,"href":"http:\/\/aappu.com.br\/site\/wp-json\/wp\/v2\/pages\/1951\/revisions"}],"predecessor-version":[{"id":12865,"href":"http:\/\/aappu.com.br\/site\/wp-json\/wp\/v2\/pages\/1951\/revisions\/12865"}],"wp:attachment":[{"href":"http:\/\/aappu.com.br\/site\/wp-json\/wp\/v2\/media?parent=1951"}],"curies":[{"name":"wp","href":"https:\/\/api.w.org\/{rel}","templated":true}]}}