{"id":1944,"date":"2016-07-18T19:02:06","date_gmt":"2016-07-18T19:02:06","guid":{"rendered":"http:\/\/aappu.com.br\/site\/?page_id=1944"},"modified":"2023-04-13T19:55:07","modified_gmt":"2023-04-13T19:55:07","slug":"informativo-2014","status":"publish","type":"page","link":"http:\/\/aappu.com.br\/site\/informativo-2014\/","title":{"rendered":"Informativos 2014"},"content":{"rendered":"<h4><span style=\"color: #0000ff;\"><strong><a style=\"color: #0000ff;\" href=\"http:\/\/aappu.com.br\/site\/wp-content\/uploads\/2016\/02\/EDIC\u0327A\u0303O-257-JANEIRO.pdf\" target=\"_blank\" rel=\"noopener\">EDI\u00c7\u00c3O 257 &#8211; JANEIRO<\/a><\/strong><\/span><\/h4>\n<h4><a href=\"http:\/\/aappu.com.br\/site\/wp-content\/uploads\/2016\/02\/EDIC\u0327A\u0303O-258-FEVEREIRO.pdf\" target=\"_blank\" rel=\"noopener\"><span style=\"color: #0000ff;\"><strong>EDI\u00c7\u00c3O 258 &#8211; FEVEREIRO<\/strong><\/span><\/a><\/h4>\n<h4><a href=\"http:\/\/aappu.com.br\/site\/wp-content\/uploads\/2016\/02\/EDIC\u0327A\u0303O-259-MARC\u0327O.pdf\" target=\"_blank\" rel=\"noopener\"><span style=\"color: #0000ff;\"><strong>EDI\u00c7\u00c3O 259 &#8211; MARC\u0327O<\/strong><\/span><\/a><\/h4>\n<h4><a href=\"http:\/\/aappu.com.br\/site\/wp-content\/uploads\/2016\/02\/EDIC\u0327A\u0303O-260-ABRIL-E-MAIO.pdf\" target=\"_blank\" rel=\"noopener\"><span style=\"color: #0000ff;\"><strong>EDI\u00c7\u00c3O 260 &#8211; ABRIL \/ MAIO<\/strong><\/span><\/a><\/h4>\n<h4><a href=\"http:\/\/aappu.com.br\/site\/wp-content\/uploads\/2016\/02\/EDIC\u0327A\u0303O-261-JUNHO.pdf\" target=\"_blank\" rel=\"noopener\"><span style=\"color: #0000ff;\"><strong>EDI\u00c7\u00c3O 261 &#8211; JUNHO<\/strong><\/span><\/a><\/h4>\n<h4><a href=\"http:\/\/aappu.com.br\/site\/wp-content\/uploads\/2016\/02\/EDIC\u0327A\u0303O-262-JULHO.pdf\" target=\"_blank\" rel=\"noopener\"><span style=\"color: #0000ff;\"><strong>EDI\u00c7\u00c3O 262 &#8211; JULHO<\/strong><\/span><\/a><\/h4>\n<h4><span style=\"color: #0000ff;\"><strong><a style=\"color: #0000ff;\" href=\"http:\/\/aappu.com.br\/site\/wp-content\/uploads\/2016\/02\/EDIC\u0327A\u0303O-263-AGOSTO.pdf\" rel=\"\">EDI\u00c7\u00c3O 263 &#8211; AGOSTO<\/a><\/strong><\/span><\/h4>\n<h4><span style=\"color: #0000ff;\"><strong><a style=\"color: #0000ff;\" href=\"http:\/\/aappu.com.br\/site\/wp-content\/uploads\/2016\/02\/EDIC\u0327A\u0303O-264-SETEMBRO.pdf\" target=\"_blank\" rel=\"noopener\">EDI\u00c7\u00c3O 264 &#8211; SETEMBRO<\/a><\/strong><\/span><\/h4>\n<h4><a href=\"http:\/\/aappu.com.br\/site\/wp-content\/uploads\/2016\/02\/EDIC\u0327A\u0303O-265-OUTUBRO.pdf\" target=\"_blank\" rel=\"noopener\"><span style=\"color: #0000ff;\"><strong>EDI\u00c7\u00c3O 265 &#8211; OUTUBRO<\/strong><\/span><\/a><\/h4>\n<h4><span style=\"color: #0000ff;\"><strong><a style=\"color: #0000ff;\" href=\"http:\/\/aappu.com.br\/site\/wp-content\/uploads\/2016\/02\/EDIC\u0327A\u0303O-266-NOVEMBRO.pdf\" target=\"_blank\" rel=\"noopener\">EDI\u00c7\u00c3O 266 &#8211; NOVEMBRO<\/a><\/strong><\/span><\/h4>\n\n\n<p><\/p>\n","protected":false},"excerpt":{"rendered":"<p>EDI\u00c7\u00c3O 257 &#8211; JANEIRO EDI\u00c7\u00c3O 258 &#8211; FEVEREIRO EDI\u00c7\u00c3O 259 &#8211; MARC\u0327O EDI\u00c7\u00c3O 260 &#8211; ABRIL \/ MAIO EDI\u00c7\u00c3O 261 &#8211; JUNHO EDI\u00c7\u00c3O 262 &#8211; JULHO EDI\u00c7\u00c3O 263 &#8211; AGOSTO EDI\u00c7\u00c3O 264 &#8211; SETEMBRO EDI\u00c7\u00c3O 265 &#8211; OUTUBRO EDI\u00c7\u00c3O 266 &#8211; NOVEMBRO<\/p>\n","protected":false},"author":1,"featured_media":0,"parent":0,"menu_order":0,"comment_status":"closed","ping_status":"closed","template":"","meta":[],"_links":{"self":[{"href":"http:\/\/aappu.com.br\/site\/wp-json\/wp\/v2\/pages\/1944"}],"collection":[{"href":"http:\/\/aappu.com.br\/site\/wp-json\/wp\/v2\/pages"}],"about":[{"href":"http:\/\/aappu.com.br\/site\/wp-json\/wp\/v2\/types\/page"}],"author":[{"embeddable":true,"href":"http:\/\/aappu.com.br\/site\/wp-json\/wp\/v2\/users\/1"}],"replies":[{"embeddable":true,"href":"http:\/\/aappu.com.br\/site\/wp-json\/wp\/v2\/comments?post=1944"}],"version-history":[{"count":4,"href":"http:\/\/aappu.com.br\/site\/wp-json\/wp\/v2\/pages\/1944\/revisions"}],"predecessor-version":[{"id":12861,"href":"http:\/\/aappu.com.br\/site\/wp-json\/wp\/v2\/pages\/1944\/revisions\/12861"}],"wp:attachment":[{"href":"http:\/\/aappu.com.br\/site\/wp-json\/wp\/v2\/media?parent=1944"}],"curies":[{"name":"wp","href":"https:\/\/api.w.org\/{rel}","templated":true}]}}