{"id":1940,"date":"2016-07-18T18:56:28","date_gmt":"2016-07-18T18:56:28","guid":{"rendered":"http:\/\/aappu.com.br\/site\/?page_id=1940"},"modified":"2023-04-13T19:29:39","modified_gmt":"2023-04-13T19:29:39","slug":"informativo-2015","status":"publish","type":"page","link":"http:\/\/aappu.com.br\/site\/informativo-2015\/","title":{"rendered":"Informativos 2015"},"content":{"rendered":"<h4><a href=\"http:\/\/aappu.com.br\/site\/wp-content\/uploads\/2016\/02\/EDIC\u0327A\u0303O-268-JANEIRO-E-FEVEREIRO.pdf\" target=\"_blank\" rel=\"noopener\"><span style=\"color: #0000ff;\"><strong>EDI\u00c7\u00c3O 268 &#8211; JANEIRO \/ FEVEREIRO<\/strong><\/span><\/a><\/h4>\n<h4><a href=\"http:\/\/aappu.com.br\/site\/wp-content\/uploads\/2016\/02\/EDIC\u0327A\u0303O-269-MARC\u0327O.pdf\" rel=\"\"><span style=\"color: #0000ff;\"><strong>EDI\u00c7\u00c3O 269 &#8211; MAR\u00c7O<\/strong><\/span><\/a><\/h4>\n<h4><span style=\"color: #0000ff;\"><strong><a style=\"color: #0000ff;\" href=\"http:\/\/aappu.com.br\/site\/wp-content\/uploads\/2016\/02\/EDIC\u0327A\u0303O-270-ABRIL.pdf\" target=\"_blank\" rel=\"noopener\">EDI\u00c7\u00c3O 270 &#8211; ABRIL<\/a><\/strong><\/span><\/h4>\n<h4><a href=\"http:\/\/aappu.com.br\/site\/wp-content\/uploads\/2016\/02\/EDIC\u0327A\u0303O-271-MAIO.pdf\" target=\"_blank\" rel=\"attachment noopener wp-att-1439\"><span style=\"color: #0000ff;\"><strong>EDI\u00c7\u00c3O 271 &#8211; MAIO<\/strong><\/span><\/a><\/h4>\n<h4><a href=\"http:\/\/aappu.com.br\/site\/wp-content\/uploads\/2016\/02\/EDIC\u0327A\u0303O-272-JUNHO.pdf\" target=\"_blank\" rel=\"noopener\"><span style=\"color: #0000ff;\"><strong>EDI\u00c7\u00c3O 272 &#8211; JUNHO<\/strong><\/span><\/a><\/h4>\n<h4><a href=\"http:\/\/aappu.com.br\/site\/wp-content\/uploads\/2016\/02\/EDIC\u0327A\u0303O-273-JULHO.pdf\" target=\"_blank\" rel=\"noopener\"><span style=\"color: #0000ff;\"><strong>EDI\u00c7\u00c3O 273 &#8211; JULHO<\/strong><\/span><\/a><\/h4>\n<h4><span style=\"color: #0000ff;\"><strong><a style=\"color: #0000ff;\" href=\"http:\/\/aappu.com.br\/site\/wp-content\/uploads\/2016\/02\/EDIC\u0327A\u0303O-274-AGOSTO.pdf\" target=\"_blank\" rel=\"noopener\">EDI\u00c7\u00c3O 274 &#8211; AGOSTO<\/a><\/strong><\/span><\/h4>\n<h4><span style=\"color: #0000ff;\"><strong><a style=\"color: #0000ff;\" href=\"http:\/\/aappu.com.br\/site\/wp-content\/uploads\/2016\/02\/semoutubro2015.pdf\">EDI\u00c7\u00c3O 275 &#8211; SETEMBRO<\/a><\/strong><\/span><\/h4>\n<h4><span style=\"color: #0000ff;\"><strong><a style=\"color: #0000ff;\" href=\"http:\/\/aappu.com.br\/site\/wp-content\/uploads\/2016\/07\/Edi\u00e7\u00e3o-276-WEB.pdf\">EDI\u00c7\u00c3O 276 &#8211; NOVEMBRO \/ DEZEMBRO<\/a><\/strong><\/span><\/h4>\n","protected":false},"excerpt":{"rendered":"<p>EDI\u00c7\u00c3O 268 &#8211; JANEIRO \/ FEVEREIRO EDI\u00c7\u00c3O 269 &#8211; MAR\u00c7O EDI\u00c7\u00c3O 270 &#8211; ABRIL EDI\u00c7\u00c3O 271 &#8211; MAIO EDI\u00c7\u00c3O 272 &#8211; JUNHO EDI\u00c7\u00c3O 273 &#8211; JULHO EDI\u00c7\u00c3O 274 &#8211; AGOSTO EDI\u00c7\u00c3O 275 &#8211; SETEMBRO EDI\u00c7\u00c3O 276 &#8211; NOVEMBRO \/ DEZEMBRO<\/p>\n","protected":false},"author":1,"featured_media":0,"parent":0,"menu_order":0,"comment_status":"closed","ping_status":"closed","template":"","meta":[],"_links":{"self":[{"href":"http:\/\/aappu.com.br\/site\/wp-json\/wp\/v2\/pages\/1940"}],"collection":[{"href":"http:\/\/aappu.com.br\/site\/wp-json\/wp\/v2\/pages"}],"about":[{"href":"http:\/\/aappu.com.br\/site\/wp-json\/wp\/v2\/types\/page"}],"author":[{"embeddable":true,"href":"http:\/\/aappu.com.br\/site\/wp-json\/wp\/v2\/users\/1"}],"replies":[{"embeddable":true,"href":"http:\/\/aappu.com.br\/site\/wp-json\/wp\/v2\/comments?post=1940"}],"version-history":[{"count":5,"href":"http:\/\/aappu.com.br\/site\/wp-json\/wp\/v2\/pages\/1940\/revisions"}],"predecessor-version":[{"id":12842,"href":"http:\/\/aappu.com.br\/site\/wp-json\/wp\/v2\/pages\/1940\/revisions\/12842"}],"wp:attachment":[{"href":"http:\/\/aappu.com.br\/site\/wp-json\/wp\/v2\/media?parent=1940"}],"curies":[{"name":"wp","href":"https:\/\/api.w.org\/{rel}","templated":true}]}}