{"id":1556,"date":"2016-02-26T16:27:18","date_gmt":"2016-02-26T16:27:18","guid":{"rendered":"http:\/\/aappu.com.br\/site\/?page_id=1556"},"modified":"2025-01-22T20:05:58","modified_gmt":"2025-01-22T20:05:58","slug":"parceiros-odontologicos","status":"publish","type":"page","link":"http:\/\/aappu.com.br\/site\/parceiros-odontologicos\/","title":{"rendered":"Parceiros Odontol\u00f3gicos"},"content":{"rendered":"<h1 style=\"text-align: justify;\"><span style=\"color: #003366;\">Parceiros Odontol\u00f3gicos<\/span><\/h1>\n<p style=\"text-align: justify;\">Foi feita uma detalhada pesquisa na Regi\u00e3o Metropolitana de Belo Horizonte com o objetivo de congregar profissionais, de reconhecida compet\u00eancia e \u00e9tica profissional, para prestar atendimento odontol\u00f3gico em condi\u00e7\u00f5es justas aos associados e seus dependentes. As consultas ser\u00e3o marcadas diretamente pelo associado, via telefone, mediante apresenta\u00e7\u00e3o da Carteira de Associado emitida pela AAPPU, juntamente com um documento de identidade com foto. O folder disponibiliza a rela\u00e7\u00e3o de credenciados. A forma de pagamento ser\u00e1 tratada entre o profissional e o associado, que ser\u00e1 o respons\u00e1vel pelos custos dos procedimentos realizados. Os reajustes dos valores ser\u00e3o anuais, segundo o mesmo \u00edndice concedido aos aposentados da Previd\u00eancia Usiminas. Em caso de consultoria t\u00e9cnica, as per\u00edcias iniciais ou finais (no or\u00e7amento ou na avalia\u00e7\u00e3o dos servi\u00e7os prestados) ser\u00e3o pagas pelo associado ao perito credenciado para este trabalho. Quem n\u00e3o quiser a per\u00edcia, dever\u00e1 manifestar sua op\u00e7\u00e3o por escrito, assinando documento que ficar\u00e1 anexado \u00e0 sua ficha odontol\u00f3gica.<\/p>\n<p style=\"text-align: justify;\">Entre as \u00e1reas contempladas est\u00e3o: implantodontia, periodontia, cl\u00ednica geral, pr\u00f3tese sobre implante, consultoria t\u00e9cnica, endodontia, odontogeriatria e cirurgia.<\/p>\n<h4 style=\"text-align: center;\"><a href=\"http:\/\/aappu.com.br\/site\/wp-content\/uploads\/2025\/01\/Parceiros-odontologicos_WEB-2025-1.pdf\" rel=\"\">Lista de Parceiros Odontologicos<\/a><\/h4>\n<h4 style=\"text-align: center;\">http:\/\/aappu.com.br\/site\/wp-content\/uploads\/2025\/01\/Parceiros-odontologicos_WEB-2025-1.pdf<\/h4>\n","protected":false},"excerpt":{"rendered":"<p>Parceiros Odontol\u00f3gicos Foi feita uma detalhada pesquisa na Regi\u00e3o Metropolitana de Belo Horizonte com o objetivo de congregar profissionais, de reconhecida compet\u00eancia e \u00e9tica profissional, para prestar atendimento odontol\u00f3gico em condi\u00e7\u00f5es justas aos associados e seus dependentes. As consultas ser\u00e3o marcadas diretamente pelo associado, via telefone, mediante apresenta\u00e7\u00e3o da Carteira de Associado emitida pela AAPPU, [&hellip;]<\/p>\n","protected":false},"author":1,"featured_media":0,"parent":0,"menu_order":0,"comment_status":"closed","ping_status":"closed","template":"","meta":[],"_links":{"self":[{"href":"http:\/\/aappu.com.br\/site\/wp-json\/wp\/v2\/pages\/1556"}],"collection":[{"href":"http:\/\/aappu.com.br\/site\/wp-json\/wp\/v2\/pages"}],"about":[{"href":"http:\/\/aappu.com.br\/site\/wp-json\/wp\/v2\/types\/page"}],"author":[{"embeddable":true,"href":"http:\/\/aappu.com.br\/site\/wp-json\/wp\/v2\/users\/1"}],"replies":[{"embeddable":true,"href":"http:\/\/aappu.com.br\/site\/wp-json\/wp\/v2\/comments?post=1556"}],"version-history":[{"count":20,"href":"http:\/\/aappu.com.br\/site\/wp-json\/wp\/v2\/pages\/1556\/revisions"}],"predecessor-version":[{"id":14620,"href":"http:\/\/aappu.com.br\/site\/wp-json\/wp\/v2\/pages\/1556\/revisions\/14620"}],"wp:attachment":[{"href":"http:\/\/aappu.com.br\/site\/wp-json\/wp\/v2\/media?parent=1556"}],"curies":[{"name":"wp","href":"https:\/\/api.w.org\/{rel}","templated":true}]}}