{"id":11815,"date":"2022-03-11T14:08:19","date_gmt":"2022-03-11T14:08:19","guid":{"rendered":"http:\/\/aappu.com.br\/site\/?page_id=11815"},"modified":"2023-04-13T19:49:15","modified_gmt":"2023-04-13T19:49:15","slug":"informativos-2022","status":"publish","type":"page","link":"http:\/\/aappu.com.br\/site\/informativos-2022\/","title":{"rendered":"Informativos 2022"},"content":{"rendered":"<p><span style=\"color: #0000ff;\"><strong><a style=\"color: #0000ff;\" href=\"http:\/\/aappu.com.br\/site\/wp-content\/uploads\/2022\/03\/EDI\u00c7\u00c3O-307-WEB_.pdf\">Edi\u00e7\u00e3o 307 &#8211; JANEIRO\/ FEVEREIRO&nbsp;<\/a><\/strong><\/span><\/p>\n<p><span style=\"color: #0000ff;\"><a style=\"color: #0000ff;\" href=\"http:\/\/aappu.com.br\/site\/wp-content\/uploads\/2022\/05\/EDI\u00c7\u00c3O-308-WEB-1.pdf\"><span style=\"color: #0000ff;\"><strong>Edi\u00e7\u00e3o 308 &#8211; MAR\u00c7O \/ ABRIL<\/strong><\/span><\/a><\/span><\/p>\n\n\n<p><strong><a href=\"http:\/\/aappu.com.br\/site\/edicao-309-julho-agosto-de-2022\/\" target=\"_blank\" rel=\"noreferrer noopener\">Edi\u00e7\u00e3o 309 &#8211; JULHO \/ AGOSTO<\/a> <\/strong><\/p>\n\n\n\n<p><strong><a href=\"http:\/\/aappu.com.br\/site\/edicao-310-novembro-dezembro-de-2022\/\" target=\"_blank\" rel=\"noreferrer noopener\">Edi\u00e7\u00e3o 310 &#8211; NOVEMBRO \/ DEZEMBRO<\/a><\/strong> <\/p>\n","protected":false},"excerpt":{"rendered":"<p>Edi\u00e7\u00e3o 307 &#8211; JANEIRO\/ FEVEREIRO&nbsp; Edi\u00e7\u00e3o 308 &#8211; MAR\u00c7O \/ ABRIL Edi\u00e7\u00e3o 309 &#8211; JULHO \/ AGOSTO Edi\u00e7\u00e3o 310 &#8211; NOVEMBRO \/ DEZEMBRO<\/p>\n","protected":false},"author":2,"featured_media":0,"parent":0,"menu_order":0,"comment_status":"closed","ping_status":"closed","template":"","meta":[],"_links":{"self":[{"href":"http:\/\/aappu.com.br\/site\/wp-json\/wp\/v2\/pages\/11815"}],"collection":[{"href":"http:\/\/aappu.com.br\/site\/wp-json\/wp\/v2\/pages"}],"about":[{"href":"http:\/\/aappu.com.br\/site\/wp-json\/wp\/v2\/types\/page"}],"author":[{"embeddable":true,"href":"http:\/\/aappu.com.br\/site\/wp-json\/wp\/v2\/users\/2"}],"replies":[{"embeddable":true,"href":"http:\/\/aappu.com.br\/site\/wp-json\/wp\/v2\/comments?post=11815"}],"version-history":[{"count":17,"href":"http:\/\/aappu.com.br\/site\/wp-json\/wp\/v2\/pages\/11815\/revisions"}],"predecessor-version":[{"id":12859,"href":"http:\/\/aappu.com.br\/site\/wp-json\/wp\/v2\/pages\/11815\/revisions\/12859"}],"wp:attachment":[{"href":"http:\/\/aappu.com.br\/site\/wp-json\/wp\/v2\/media?parent=11815"}],"curies":[{"name":"wp","href":"https:\/\/api.w.org\/{rel}","templated":true}]}}