{"id":11051,"date":"2019-10-17T03:25:28","date_gmt":"2019-10-17T03:25:28","guid":{"rendered":"http:\/\/aappu.com.br\/site\/?page_id=11051"},"modified":"2023-03-17T14:59:02","modified_gmt":"2023-03-17T14:59:02","slug":"informativos-2000-a-2011","status":"publish","type":"page","link":"http:\/\/aappu.com.br\/site\/informativos-2000-a-2011\/","title":{"rendered":"Evolu\u00e7\u00e3o dos Informativos 2002 a 2010"},"content":{"rendered":"<p><a href=\"http:\/\/aappu.com.br\/site\/wp-content\/uploads\/2019\/10\/Edi\u00e7\u00e3o-Especial-2002-001.jpg\">Edi\u00e7\u00e3o Especial &#8211; 2002<\/a><\/p>\n<p><a href=\"http:\/\/aappu.com.br\/site\/wp-content\/uploads\/2019\/10\/Informe-183-2007-001.jpg\">Edi\u00e7\u00e3o 183 &#8211;\u00a0 2007<\/a><\/p>\n<p><a href=\"http:\/\/aappu.com.br\/site\/wp-content\/uploads\/2019\/10\/Informe-190-2008-001.jpg\">Edi\u00e7\u00e3o 190 &#8211; 2008<\/a><\/p>\n<p><a href=\"http:\/\/aappu.com.br\/site\/wp-content\/uploads\/2019\/10\/Informe-215-2010-001.jpg\">Edi\u00e7\u00e3o 215 &#8211; 2010<\/a><\/p>\n","protected":false},"excerpt":{"rendered":"<p>Edi\u00e7\u00e3o Especial &#8211; 2002 Edi\u00e7\u00e3o 183 &#8211;\u00a0 2007 Edi\u00e7\u00e3o 190 &#8211; 2008 Edi\u00e7\u00e3o 215 &#8211; 2010<\/p>\n","protected":false},"author":2,"featured_media":0,"parent":0,"menu_order":0,"comment_status":"closed","ping_status":"closed","template":"","meta":[],"_links":{"self":[{"href":"http:\/\/aappu.com.br\/site\/wp-json\/wp\/v2\/pages\/11051"}],"collection":[{"href":"http:\/\/aappu.com.br\/site\/wp-json\/wp\/v2\/pages"}],"about":[{"href":"http:\/\/aappu.com.br\/site\/wp-json\/wp\/v2\/types\/page"}],"author":[{"embeddable":true,"href":"http:\/\/aappu.com.br\/site\/wp-json\/wp\/v2\/users\/2"}],"replies":[{"embeddable":true,"href":"http:\/\/aappu.com.br\/site\/wp-json\/wp\/v2\/comments?post=11051"}],"version-history":[{"count":9,"href":"http:\/\/aappu.com.br\/site\/wp-json\/wp\/v2\/pages\/11051\/revisions"}],"predecessor-version":[{"id":12324,"href":"http:\/\/aappu.com.br\/site\/wp-json\/wp\/v2\/pages\/11051\/revisions\/12324"}],"wp:attachment":[{"href":"http:\/\/aappu.com.br\/site\/wp-json\/wp\/v2\/media?parent=11051"}],"curies":[{"name":"wp","href":"https:\/\/api.w.org\/{rel}","templated":true}]}}