{"id":10526,"date":"2019-01-18T13:01:50","date_gmt":"2019-01-18T13:01:50","guid":{"rendered":"http:\/\/aappu.com.br\/site\/?page_id=10526"},"modified":"2023-04-13T19:36:39","modified_gmt":"2023-04-13T19:36:39","slug":"informativo-2019","status":"publish","type":"page","link":"http:\/\/aappu.com.br\/site\/informativo-2019\/","title":{"rendered":"Informativos 2019"},"content":{"rendered":"<h4><strong><span style=\"color: #0000ff;\"><a style=\"color: #0000ff;\" href=\"http:\/\/aappu.com.br\/site\/wp-content\/uploads\/2019\/02\/Edi\u00e7\u00e3o-296-WEB.pdf\">Edi\u00e7\u00e3o 296 &#8211; JANEIRO \/ FEVEREIRO<\/a><\/span><\/strong><\/h4>\n<h4><span style=\"color: #0000ff;\"><strong><a style=\"color: #0000ff;\" href=\"http:\/\/aappu.com.br\/site\/wp-content\/uploads\/2019\/05\/Edi\u00e7\u00e3o-297_WEB_compressed.pdf\">Edi\u00e7\u00e3o 297 &#8211; MAR\u00c7O \/\u00a0 ABRIL<\/a><\/strong><\/span><\/h4>\n<h4><strong><span style=\"color: #0000ff;\"><a href=\"http:\/\/aappu.com.br\/site\/wp-content\/uploads\/2019\/07\/Edi\u00e7\u00e3o-298-WEB-com-not\u00edcia-arrai\u00e1.pdf\"><span style=\"color: #0000ff;\">Edi\u00e7\u00e3o 298 &#8211; MAIO \/\u00a0 JUNHO<\/span><\/a><\/span><\/strong><\/h4>\n<h4><strong><span style=\"color: #0000ff;\"><a style=\"color: #0000ff;\" href=\"http:\/\/aappu.com.br\/site\/wp-content\/uploads\/2019\/09\/Edi\u00e7\u00e3o-299_web-09-09-2019.pdf\">Edi\u00e7\u00e3o 299 \u2013 JULHO \/ AGOSTO<\/a><\/span><\/strong><\/h4>\n<h4><strong><span style=\"color: #0000ff;\"><a style=\"color: #0000ff;\" href=\"http:\/\/aappu.com.br\/site\/wp-content\/uploads\/2019\/11\/EDI\u00c7\u00c3O-300-WEB_-ATUALIZADO.pdf\"><span style=\"color: #0000ff;\">Edi\u00e7\u00e3o 300 &#8211; SETEMBRO \/ OUTUBRO<\/span>\u00a0<\/a>\u00a0<\/span><\/strong><\/h4>\n<h4><span style=\"color: #0000ff;\"><a style=\"color: #0000ff;\" href=\"http:\/\/aappu.com.br\/site\/wp-content\/uploads\/2020\/01\/EDI\u00c7\u00c3O-301-WEB-2.pdf\"><strong>Edi\u00e7\u00e3o 301 &#8211; NOVEMBRO \/<\/strong><\/a><\/span><strong><span style=\"color: #0000ff;\"><a style=\"color: #0000ff;\" href=\"http:\/\/aappu.com.br\/site\/wp-content\/uploads\/2020\/01\/EDI\u00c7\u00c3O-301-WEB-2.pdf\"> DEZEMBRO<\/a><\/span><\/strong><\/h4>\n","protected":false},"excerpt":{"rendered":"<p>Edi\u00e7\u00e3o 296 &#8211; JANEIRO \/ FEVEREIRO Edi\u00e7\u00e3o 297 &#8211; MAR\u00c7O \/\u00a0 ABRIL Edi\u00e7\u00e3o 298 &#8211; MAIO \/\u00a0 JUNHO Edi\u00e7\u00e3o 299 \u2013 JULHO \/ AGOSTO Edi\u00e7\u00e3o 300 &#8211; SETEMBRO \/ OUTUBRO\u00a0\u00a0 Edi\u00e7\u00e3o 301 &#8211; NOVEMBRO \/ DEZEMBRO<\/p>\n","protected":false},"author":2,"featured_media":0,"parent":0,"menu_order":0,"comment_status":"closed","ping_status":"closed","template":"","meta":[],"_links":{"self":[{"href":"http:\/\/aappu.com.br\/site\/wp-json\/wp\/v2\/pages\/10526"}],"collection":[{"href":"http:\/\/aappu.com.br\/site\/wp-json\/wp\/v2\/pages"}],"about":[{"href":"http:\/\/aappu.com.br\/site\/wp-json\/wp\/v2\/types\/page"}],"author":[{"embeddable":true,"href":"http:\/\/aappu.com.br\/site\/wp-json\/wp\/v2\/users\/2"}],"replies":[{"embeddable":true,"href":"http:\/\/aappu.com.br\/site\/wp-json\/wp\/v2\/comments?post=10526"}],"version-history":[{"count":37,"href":"http:\/\/aappu.com.br\/site\/wp-json\/wp\/v2\/pages\/10526\/revisions"}],"predecessor-version":[{"id":12850,"href":"http:\/\/aappu.com.br\/site\/wp-json\/wp\/v2\/pages\/10526\/revisions\/12850"}],"wp:attachment":[{"href":"http:\/\/aappu.com.br\/site\/wp-json\/wp\/v2\/media?parent=10526"}],"curies":[{"name":"wp","href":"https:\/\/api.w.org\/{rel}","templated":true}]}}